{"id":2253,"date":"2017-09-16T19:23:00","date_gmt":"2017-09-16T19:23:00","guid":{"rendered":"http:\/\/iptvmaxy.com\/?page_id=2253"},"modified":"2025-12-17T11:59:21","modified_gmt":"2025-12-17T11:59:21","slug":"faq","status":"publish","type":"page","link":"https:\/\/iptvmaxy.com\/en\/faq\/","title":{"rendered":"H\u00e4ufig gestellte Fragen"},"content":{"rendered":"<div class=\"wpb-content-wrapper\"><section class=\"vc_section\"><div class=\"vc_row wpb_row vc_row-fluid\"><div class=\"wpb_column vc_column_container vc_col-sm-4\"><div class=\"vc_column-inner\"><div class=\"wpb_wrapper\"><div class=\"heading  header-subheader align-left subcolor-main transform-default theme-icon-second icon-type-hidden   vc_custom_1568283787618 heading-tag-h3\" id=\"like_sc_header_289812468\"><h3 data-text=\"Every day help for our customers\" class=\"header ltx-sr-id-like_sc_header_289812468519266061 ltx-sr ltx-sr-effect-fade_in ltx-sr-el-block ltx-sr-delay-0 ltx-sr-duration-1000 ltx-sr-sequences-0\">Every day help for our customers<\/h3><\/div>\n\t<div class=\"wpb_text_column wpb_content_element\" >\n\t\t<div class=\"wpb_wrapper\">\n\t\t\t<p>Haben Sie Fragen? Wir haben die Antworten! In unserem FAQ-Bereich finden Sie h\u00e4ufig gestellte Fragen zu unseren Dienstleistungen, Richtlinien und Verfahren. Egal, ob Sie Hilfe bei Bestellungen, Zahlungen, Versand oder R\u00fccksendungen ben\u00f6tigen, hier finden Sie schnelle und klare Informationen. Wenn Sie nicht finden, wonach Sie suchen, k\u00f6nnen Sie sich gerne an unser Support-Team wenden, um weitere Hilfe zu erhalten.\u00dcbersetzt mit DeepL.com (kostenlose Version)<\/p>\n\n\t\t<\/div>\n\t<\/div>\n<div class=\"es-resp\">\t<div class=\"visible-xl\" style=\"height: 32px;\"><\/div>\t<div class=\"hidden-xl hidden-md hidden-sm hidden-ms hidden-xs\" style=\"height: 32px;\"><\/div>\t<div class=\"visible-md\" style=\"height: 32px;\"><\/div>\t<div class=\"visible-sm\" style=\"height: 32px;\"><\/div>\t<div class=\"visible-ms\" style=\"height: 32px;\"><\/div>\t<div class=\"visible-xs\" style=\"height: 32px;\"><\/div><\/div><div class=\"btn-wrap align-center\">\r\n\t<a href=\"https:\/\/iptvmaxy.com\/en\/contacts\/\"  class=\"btn  btn-main color-hover-default align-center\" id=\"like_sc_button_458092630\">Mehr Infos<\/a><\/div><div class=\"heading  header-subheader align-left subcolor-main transform-default theme-icon-second icon-type-hidden heading-tag-h3\" id=\"like_sc_header_1922404868\"><h3 data-text=\"Wenn Sie mehr Hilfe ben\u00f6tigen\" class=\"header ltx-sr-id-like_sc_header_192240486819831163 ltx-sr ltx-sr-effect-fade_in ltx-sr-el-block ltx-sr-delay-0 ltx-sr-duration-1000 ltx-sr-sequences-0\">Wenn Sie mehr Hilfe ben\u00f6tigen<\/h3><\/div>\n\t<div class=\"wpb_text_column wpb_content_element\" >\n\t\t<div class=\"wpb_wrapper\">\n\t\t\t\n\t\t<\/div>\n\t<\/div>\n<div class=\"es-resp\">\t<div class=\"visible-xl\" style=\"height: 32px;\"><\/div>\t<div class=\"hidden-xl hidden-md hidden-sm hidden-ms hidden-xs\" style=\"height: 32px;\"><\/div>\t<div class=\"visible-md\" style=\"height: 32px;\"><\/div>\t<div class=\"visible-sm\" style=\"height: 32px;\"><\/div>\t<div class=\"visible-ms\" style=\"height: 32px;\"><\/div>\t<div class=\"visible-xs\" style=\"height: 32px;\"><\/div><\/div><ul class=\"ltx-block-icon  icons-count-2 align-left ltx-icon-color-main ltx-icon-size-sm ltx-header-color-default ltx-icon-type- ltx-bg-color-transparent layout-cols1 ltx-icon-h-right\"  id=\"like_sc_block_icon_1226190386\"><li ><div   class=\"in\"><a href=\"#\" class=\"ltx-icon fas fa-envelope bg-transparent\"><\/a> <h6 class=\"header\"> support@iptvmaxy.com <\/h6> <\/div><\/li><li ><div   class=\"in\"><span class=\"ltx-icon fas fa-map-marker-alt bg-transparent\"><\/span> <h6 class=\"header\"> Quirinsstra\u00dfe 4-8, 60599 Frankfurt am Main, Germany <\/h6> <\/div><\/li><\/ul><\/div><\/div><\/div><div class=\"wpb_column vc_column_container vc_col-sm-8\"><div class=\"vc_column-inner\"><div class=\"wpb_wrapper\"><div class=\"es-resp\">\t<div class=\"visible-xl\" style=\"height: 32px;\"><\/div>\t<div class=\"hidden-xl hidden-md hidden-sm hidden-ms hidden-xs\" style=\"height: 32px;\"><\/div>\t<div class=\"visible-md\" style=\"height: 32px;\"><\/div>\t<div class=\"visible-sm\" style=\"height: 32px;\"><\/div>\t<div class=\"visible-ms\" style=\"height: 32px;\"><\/div>\t<div class=\"visible-xs\" style=\"height: 32px;\"><\/div><\/div>\n<div class=\"vc-zigzag-wrapper vc-zigzag-align-center\"><div class=\"vc-zigzag-inner\" style=\"width: 100%;min-height: 14px;background: 0 repeat-x url(&#039;data:image\/svg+xml;utf-8,%3C%3Fxml%20version%3D%221.0%22%20encoding%3D%22utf-8%22%3F%3E%3C%21DOCTYPE%20svg%20PUBLIC%20%22-%2F%2FW3C%2F%2FDTD%20SVG%201.1%2F%2FEN%22%20%22http%3A%2F%2Fwww.w3.org%2FGraphics%2FSVG%2F1.1%2FDTD%2Fsvg11.dtd%22%3E%3Csvg%20width%3D%2214px%22%20height%3D%2212px%22%20viewBox%3D%220%200%2018%2015%22%20version%3D%221.1%22%20xmlns%3D%22http%3A%2F%2Fwww.w3.org%2F2000%2Fsvg%22%20xmlns%3Axlink%3D%22http%3A%2F%2Fwww.w3.org%2F1999%2Fxlink%22%3E%3Cpolygon%20id%3D%22Combined-Shape%22%20fill%3D%22%23FF1E1E%22%20points%3D%228.98762301%200%200%209.12771969%200%2014.519983%209%205.40479869%2018%2014.519983%2018%209.12771969%22%3E%3C%2Fpolygon%3E%3C%2Fsvg%3E&#039;);\"><\/div><\/div><div class=\"es-resp\">\t<div class=\"visible-xl\" style=\"height: 32px;\"><\/div>\t<div class=\"hidden-xl hidden-md hidden-sm hidden-ms hidden-xs\" style=\"height: 32px;\"><\/div>\t<div class=\"visible-md\" style=\"height: 32px;\"><\/div>\t<div class=\"visible-sm\" style=\"height: 32px;\"><\/div>\t<div class=\"visible-ms\" style=\"height: 32px;\"><\/div>\t<div class=\"visible-xs\" style=\"height: 32px;\"><\/div><\/div><div class=\"vc_tta-container\" data-vc-action=\"collapse\"><div class=\"vc_general vc_tta vc_tta-accordion vc_tta-color-grey vc_tta-style-classic vc_tta-shape-rounded vc_tta-o-shape-group vc_tta-controls-align-default\"><div class=\"vc_tta-panels-container\"><div class=\"vc_tta-panels\"><div class=\"vc_tta-panel vc_active\" id=\"1738403000810-30c38137-a479\" data-vc-content=\".vc_tta-panel-body\"><div class=\"vc_tta-panel-heading\"><h4 class=\"vc_tta-panel-title vc_tta-controls-icon-position-left\"><a href=\"#1738403000810-30c38137-a479\" data-vc-accordion data-vc-container=\".vc_tta-container\"><i class=\"vc_tta-icon fas fa-play\"><\/i><span class=\"vc_tta-title-text\">Was bedeutet IPTV ?<\/span><i class=\"vc_tta-controls-icon vc_tta-controls-icon-plus\"><\/i><\/a><\/h4><\/div><div class=\"vc_tta-panel-body\">\n\t<div class=\"wpb_text_column wpb_content_element\" >\n\t\t<div class=\"wpb_wrapper\">\n\t\t\t<p>IPTV steht f\u00fcr Internet Protocol Television, ein digitales Fernseh\u00fcbertragungsprotokoll, das Fernsehinhalte \u00fcber Internetnetze statt \u00fcber herk\u00f6mmliche terrestrische, Satelliten- oder Kabelfernsehformate \u00fcbertr\u00e4gt.<\/p>\n\n\t\t<\/div>\n\t<\/div>\n<\/div><\/div><div class=\"vc_tta-panel\" id=\"1738403000830-8a0bb62c-eba5\" data-vc-content=\".vc_tta-panel-body\"><div class=\"vc_tta-panel-heading\"><h4 class=\"vc_tta-panel-title vc_tta-controls-icon-position-left\"><a href=\"#1738403000830-8a0bb62c-eba5\" data-vc-accordion data-vc-container=\".vc_tta-container\"><i class=\"vc_tta-icon fas fa-thumbs-up\"><\/i><span class=\"vc_tta-title-text\">Wie kann ich mich f\u00fcr IPTV anmelden?<\/span><i class=\"vc_tta-controls-icon vc_tta-controls-icon-plus\"><\/i><\/a><\/h4><\/div><div class=\"vc_tta-panel-body\">\n\t<div class=\"wpb_text_column wpb_content_element\" >\n\t\t<div class=\"wpb_wrapper\">\n\t\t\t<p>Um IPTV zu abonnieren, k\u00f6nnen Sie entweder direkt bei einem IPTV-Anbieter oder \u00fcber einen Wiederverk\u00e4ufer ein Abonnement erwerben. Sobald Sie ein Abonnement abgeschlossen haben, erhalten Sie Anmeldedaten, mit denen Sie \u00fcber Ihr Ger\u00e4t auf den IPTV-Dienst zugreifen k\u00f6nnen.<\/p>\n\n\t\t<\/div>\n\t<\/div>\n<\/div><\/div><div class=\"vc_tta-panel\" id=\"1738403005235-903e2dc6-c595\" data-vc-content=\".vc_tta-panel-body\"><div class=\"vc_tta-panel-heading\"><h4 class=\"vc_tta-panel-title vc_tta-controls-icon-position-left\"><a href=\"#1738403005235-903e2dc6-c595\" data-vc-accordion data-vc-container=\".vc_tta-container\"><i class=\"vc_tta-icon fas fa-hourglass-start\"><\/i><span class=\"vc_tta-title-text\">Wie lange dauert es, bis ich meine IPTV-Anmeldeinformationen erhalte?<\/span><i class=\"vc_tta-controls-icon vc_tta-controls-icon-plus\"><\/i><\/a><\/h4><\/div><div class=\"vc_tta-panel-body\">\n\t<div class=\"wpb_text_column wpb_content_element\" >\n\t\t<div class=\"wpb_wrapper\">\n\t\t\t<p>Sobald Sie eine Bestellung aufgegeben und die Zahlung \u00fcber PayPal oder per Bankkarte abgeschlossen haben, indem Sie den Anweisungen gefolgt sind, erhalten Sie Ihre Anmeldedaten \u00fcber die E-Mail, die Sie in das Informationsfeld eingegeben haben. Sie k\u00f6nnen sich auch in Ihr Konto auf unserer Zahlungsplattform einloggen und \u00fcber diesen Link alle Informationen zu Ihrer Bestellung abrufen: <a href=\"http:\/\/Mein Konto\">Mein Konto<\/a><\/p>\n\n\t\t<\/div>\n\t<\/div>\n<\/div><\/div><div class=\"vc_tta-panel\" id=\"1738403006281-2ef7be01-ce93\" data-vc-content=\".vc_tta-panel-body\"><div class=\"vc_tta-panel-heading\"><h4 class=\"vc_tta-panel-title vc_tta-controls-icon-position-left\"><a href=\"#1738403006281-2ef7be01-ce93\" data-vc-accordion data-vc-container=\".vc_tta-container\"><i class=\"vc_tta-icon fas fa-hourglass-end\"><\/i><span class=\"vc_tta-title-text\">Wie lange dauert es, IPTV auf meinem Ger\u00e4t einzurichten?<\/span><i class=\"vc_tta-controls-icon vc_tta-controls-icon-plus\"><\/i><\/a><\/h4><\/div><div class=\"vc_tta-panel-body\">\n\t<div class=\"wpb_text_column wpb_content_element\" >\n\t\t<div class=\"wpb_wrapper\">\n\t\t\t<p>Unsere detaillierte Schritt-f\u00fcr-Schritt-Installationsanleitung macht den Einrichtungsprozess sehr einfach. Sie k\u00f6nnen diese spezielle Seite hier besuchen, und es sollte nicht mehr als 5-10 Minuten Ihrer Zeit in Anspruch nehmen. Dar\u00fcber hinaus sind wir \u00fcber <strong>WhatsApp\/E-Mail\/Chat-Support<\/strong> auf der Website erreichbar, um Ihnen zu helfen und Sie durch alle Probleme zu f\u00fchren, die auftreten k\u00f6nnen.<\/p>\n\n\t\t<\/div>\n\t<\/div>\n<\/div><\/div><div class=\"vc_tta-panel\" id=\"1738403006921-b2232a7e-05d8\" data-vc-content=\".vc_tta-panel-body\"><div class=\"vc_tta-panel-heading\"><h4 class=\"vc_tta-panel-title vc_tta-controls-icon-position-left\"><a href=\"#1738403006921-b2232a7e-05d8\" data-vc-accordion data-vc-container=\".vc_tta-container\"><i class=\"vc_tta-icon fas fa-satellite-dish\"><\/i><span class=\"vc_tta-title-text\">Welche Ger\u00e4te ben\u00f6tige ich f\u00fcr IPTV?<\/span><i class=\"vc_tta-controls-icon vc_tta-controls-icon-plus\"><\/i><\/a><\/h4><\/div><div class=\"vc_tta-panel-body\">\n\t<div class=\"wpb_text_column wpb_content_element\" >\n\t\t<div class=\"wpb_wrapper\">\n\t\t\t<p>Um IPTV nutzen zu k\u00f6nnen, ben\u00f6tigen Sie ein internetf\u00e4higes Ger\u00e4t, das den IPTV-Dienst unterst\u00fctzt, z. B. ein Smartphone, Tablet, Smart-TV oder einen Computer. Au\u00dferdem ben\u00f6tigen Sie m\u00f6glicherweise eine kompatible IPTV-Box oder einen Mediaplayer, um den IPTV-Dienst auf Ihrem Fernseher nutzen zu k\u00f6nnen.<\/p>\n\n\t\t<\/div>\n\t<\/div>\n<\/div><\/div><div class=\"vc_tta-panel\" id=\"1738403007734-41034fdd-7e69\" data-vc-content=\".vc_tta-panel-body\"><div class=\"vc_tta-panel-heading\"><h4 class=\"vc_tta-panel-title vc_tta-controls-icon-position-left\"><a href=\"#1738403007734-41034fdd-7e69\" data-vc-accordion data-vc-container=\".vc_tta-container\"><i class=\"vc_tta-icon fas fa-bars\"><\/i><span class=\"vc_tta-title-text\">Welche Kan\u00e4le kann ich mit IPTV sehen?<\/span><i class=\"vc_tta-controls-icon vc_tta-controls-icon-plus\"><\/i><\/a><\/h4><\/div><div class=\"vc_tta-panel-body\">\n\t<div class=\"wpb_text_column wpb_content_element\" >\n\t\t<div class=\"wpb_wrapper\">\n\t\t\t<p>Mit IPTV haben Sie Zugang zu einem breiten Angebot an lokalen und internationalen Fernsehsendern, darunter Sport, Nachrichten, Unterhaltung, Filme und vieles mehr. Die verf\u00fcgbaren Kan\u00e4le und Pakete k\u00f6nnen je nach IPTV-Anbieter variieren.<\/p>\n\n\t\t<\/div>\n\t<\/div>\n<\/div><\/div><div class=\"vc_tta-panel\" id=\"1738403235995-e770e120-2066\" data-vc-content=\".vc_tta-panel-body\"><div class=\"vc_tta-panel-heading\"><h4 class=\"vc_tta-panel-title vc_tta-controls-icon-position-left\"><a href=\"#1738403235995-e770e120-2066\" data-vc-accordion data-vc-container=\".vc_tta-container\"><i class=\"vc_tta-icon fas fa-calendar-check\"><\/i><span class=\"vc_tta-title-text\">Kann ich mein Abonnement auf mehreren Ger\u00e4ten nutzen?<\/span><i class=\"vc_tta-controls-icon vc_tta-controls-icon-plus\"><\/i><\/a><\/h4><\/div><div class=\"vc_tta-panel-body\">\n\t<div class=\"wpb_text_column wpb_content_element\" >\n\t\t<div class=\"wpb_wrapper\">\n\t\t\t<p>Bitte beachten Sie, dass ein Abonnement auf mehreren Ger\u00e4ten genutzt werden kann, aber Sie k\u00f6nnen nur auf einem Ger\u00e4t gleichzeitig schauen.<\/p>\n\n\t\t<\/div>\n\t<\/div>\n<\/div><\/div><div class=\"vc_tta-panel\" id=\"1738403238355-86cf7e31-ab2a\" data-vc-content=\".vc_tta-panel-body\"><div class=\"vc_tta-panel-heading\"><h4 class=\"vc_tta-panel-title vc_tta-controls-icon-position-left\"><a href=\"#1738403238355-86cf7e31-ab2a\" data-vc-accordion data-vc-container=\".vc_tta-container\"><i class=\"vc_tta-icon fas fa-shield-alt\"><\/i><span class=\"vc_tta-title-text\">Ist IPTV sicher in der Anwendung?<\/span><i class=\"vc_tta-controls-icon vc_tta-controls-icon-plus\"><\/i><\/a><\/h4><\/div><div class=\"vc_tta-panel-body\">\n\t<div class=\"wpb_text_column wpb_content_element\" >\n\t\t<div class=\"wpb_wrapper\">\n\t\t\t<p>Nat\u00fcrlich ist die Nutzung von IPTV sicher, denn es handelt sich hierbei einfach um einen Dienst, mit dem Sie Ihre bevorzugten Kabelkan\u00e4le \u00fcber das Internet streamen k\u00f6nnen, ohne einen Kabelanschluss kaufen zu m\u00fcssen. Auch wenn wir hier nichts raubkopieren und die Kan\u00e4le, die wir auf unserer Website anbieten, sind lizenziert und sicher zu streamen.<\/p>\n\n\t\t<\/div>\n\t<\/div>\n<\/div><\/div><div class=\"vc_tta-panel\" id=\"1738403240922-2953abde-6a4e\" data-vc-content=\".vc_tta-panel-body\"><div class=\"vc_tta-panel-heading\"><h4 class=\"vc_tta-panel-title vc_tta-controls-icon-position-left\"><a href=\"#1738403240922-2953abde-6a4e\" data-vc-accordion data-vc-container=\".vc_tta-container\"><i class=\"vc_tta-icon far fa-credit-card\"><\/i><span class=\"vc_tta-title-text\">Welche Zahlungsmittel werden akzeptiert?<\/span><i class=\"vc_tta-controls-icon vc_tta-controls-icon-plus\"><\/i><\/a><\/h4><\/div><div class=\"vc_tta-panel-body\">\n\t<div class=\"wpb_text_column wpb_content_element\" >\n\t\t<div class=\"wpb_wrapper\">\n\t\t\t<p>Wir akzeptieren Paypal, Kreditkartenzahlungen Visa oder Master, und Cryptocurrencies bald. nur die im Moment.<\/p>\n\n\t\t<\/div>\n\t<\/div>\n<\/div><\/div><div class=\"vc_tta-panel\" id=\"1738403241603-a3a925f6-73fd\" data-vc-content=\".vc_tta-panel-body\"><div class=\"vc_tta-panel-heading\"><h4 class=\"vc_tta-panel-title vc_tta-controls-icon-position-left\"><a href=\"#1738403241603-a3a925f6-73fd\" data-vc-accordion data-vc-container=\".vc_tta-container\"><i class=\"vc_tta-icon fas fa-redo-alt\"><\/i><span class=\"vc_tta-title-text\">Haben Sie irgendwelche Garantien?<\/span><i class=\"vc_tta-controls-icon vc_tta-controls-icon-plus\"><\/i><\/a><\/h4><\/div><div class=\"vc_tta-panel-body\">\n\t<div class=\"wpb_text_column wpb_content_element\" >\n\t\t<div class=\"wpb_wrapper\">\n\t\t\t<p>Ja, wir bieten eine 7-t\u00e4gige Geld-zur\u00fcck-Garantie f\u00fcr alle Abonnements, mit Ausnahme des <strong>12-Monats-Abonnements<\/strong>, f\u00fcr das eine 14-t\u00e4gige R\u00fcckerstattungsfrist gilt. Wenn Sie stornieren m\u00f6chten, f\u00fcllen Sie einfach das Formular <a href=\"http:\/\/ff\">R\u00fcckerstattung anfordern aus.<\/a><\/p>\n<p>Ihre R\u00fcckerstattung wird innerhalb von 15 bis 120 Minuten bearbeitet und ausgestellt!<\/p>\n\n\t\t<\/div>\n\t<\/div>\n<\/div><\/div><\/div><\/div><\/div><\/div><\/div><\/div><\/div><\/div><\/section>\n<\/div>","protected":false},"excerpt":{"rendered":"Every day help for our customers Haben Sie Fragen? Wir haben die Antworten! In unserem FAQ-Bereich finden Sie h\u00e4ufig gestellte Fragen zu unseren Dienstleistungen, Richtlinien und Verfahren. Egal, ob Sie Hilfe bei Bestellungen, Zahlungen, Versand oder R\u00fccksendungen ben\u00f6tigen, hier finden Sie schnelle und klare Informationen. Wenn Sie nicht finden, wonach Sie suchen, k\u00f6nnen Sie sich gerne an unser Support-Team wenden, um weitere Hilfe zu erhalten.\u00dcbersetzt mit DeepL.com (kostenlose Version) Mehr InfosWenn Sie mehr Hilfe ben\u00f6tigen support@iptvmaxy.com Quirinsstra\u00dfe 4-8, 60599 Frankfurt am Main, Germany Was bedeutet IPTV ? IPTV steht f\u00fcr Internet Protocol Television, ein digitales Fernseh\u00fcbertragungsprotokoll, das Fernsehinhalte \u00fcber Internetnetze statt \u00fcber herk\u00f6mmliche terrestrische, Satelliten- oder Kabelfernsehformate \u00fcbertr\u00e4gt. Wie kann ich mich f\u00fcr IPTV anmelden? Um IPTV zu abonnieren, k\u00f6nnen Sie entweder direkt bei einem IPTV-Anbieter oder \u00fcber einen Wiederverk\u00e4ufer [...]","protected":false},"author":1,"featured_media":0,"parent":0,"menu_order":0,"comment_status":"closed","ping_status":"closed","template":"page-templates\/full-width.php","meta":{"footnotes":""},"class_list":["post-2253","page","type-page","status-publish","hentry"],"jetpack_sharing_enabled":true,"_links":{"self":[{"href":"https:\/\/iptvmaxy.com\/en\/wp-json\/wp\/v2\/pages\/2253","targetHints":{"allow":["GET"]}}],"collection":[{"href":"https:\/\/iptvmaxy.com\/en\/wp-json\/wp\/v2\/pages"}],"about":[{"href":"https:\/\/iptvmaxy.com\/en\/wp-json\/wp\/v2\/types\/page"}],"author":[{"embeddable":true,"href":"https:\/\/iptvmaxy.com\/en\/wp-json\/wp\/v2\/users\/1"}],"replies":[{"embeddable":true,"href":"https:\/\/iptvmaxy.com\/en\/wp-json\/wp\/v2\/comments?post=2253"}],"version-history":[{"count":16,"href":"https:\/\/iptvmaxy.com\/en\/wp-json\/wp\/v2\/pages\/2253\/revisions"}],"predecessor-version":[{"id":11864,"href":"https:\/\/iptvmaxy.com\/en\/wp-json\/wp\/v2\/pages\/2253\/revisions\/11864"}],"wp:attachment":[{"href":"https:\/\/iptvmaxy.com\/en\/wp-json\/wp\/v2\/media?parent=2253"}],"curies":[{"name":"wp","href":"https:\/\/api.w.org\/{rel}","templated":true}]}}