{"id":11801,"date":"2025-12-11T10:27:28","date_gmt":"2025-12-11T10:27:28","guid":{"rendered":"https:\/\/iptvmaxy.com\/?page_id=11801"},"modified":"2025-12-14T07:09:11","modified_gmt":"2025-12-14T07:09:11","slug":"privacy-policy","status":"publish","type":"page","link":"https:\/\/iptvmaxy.com\/en\/privacy-policy\/","title":{"rendered":"Privacy Policy"},"content":{"rendered":"<p>&nbsp;<\/p>\n<hr \/>\n<h2><strong>DATENSCHUTZERKL\u00c4RUNG<\/strong><\/h2>\n<p>Bei IPTV MAXY, erreichbar unter <a href=\"https:\/\/iptvmaxy.com\/en\/\">http:\/\/www.iptvmaxy.com\/<\/a>, hat der Schutz der Privatsph\u00e4re unserer Besucher h\u00f6chste Priorit\u00e4t. Dieses Dokument zur Datenschutzerkl\u00e4rung enth\u00e4lt Informationen dar\u00fcber, welche Arten von Daten von Your IPTV erfasst und gespeichert werden und wie wir diese verwenden.<\/p>\n<p>Wenn Sie weitere Fragen haben oder zus\u00e4tzliche Informationen zu unserer Datenschutzerkl\u00e4rung ben\u00f6tigen, z\u00f6gern Sie bitte nicht, uns zu kontaktieren.<\/p>\n<p>Diese Datenschutzerkl\u00e4rung gilt ausschlie\u00dflich f\u00fcr unsere Online-Aktivit\u00e4ten und ist f\u00fcr Besucher unserer Website in Bezug auf die Informationen g\u00fcltig, die sie auf Your IPTV teilen und\/oder erfassen. Diese Richtlinie gilt nicht f\u00fcr Informationen, die offline oder \u00fcber andere Kan\u00e4le als diese Website gesammelt werden.<\/p>\n<hr \/>\n<h3><strong>Einwilligung<\/strong><\/h3>\n<p>Durch die Nutzung unserer Website erkl\u00e4ren Sie sich mit unserer Datenschutzerkl\u00e4rung einverstanden und stimmen deren Bedingungen zu.<\/p>\n<hr \/>\n<h3><strong>Welche Informationen wir erfassen<\/strong><\/h3>\n<p>Die personenbezogenen Daten, um die wir Sie bitten, sowie die Gr\u00fcnde, warum wir diese Daten ben\u00f6tigen, werden Ihnen zum Zeitpunkt der Erhebung klar mitgeteilt.<\/p>\n<p>Wenn Sie uns direkt kontaktieren, erhalten wir m\u00f6glicherweise zus\u00e4tzliche Informationen \u00fcber Sie, wie z. B. Ihren Namen, Ihre E-Mail-Adresse, Ihre Telefonnummer, den Inhalt Ihrer Nachricht und\/oder Anh\u00e4nge sowie weitere Informationen, die Sie freiwillig angeben.<\/p>\n<p>Wenn Sie ein Konto registrieren, k\u00f6nnen wir Sie nach Kontaktinformationen fragen, einschlie\u00dflich Name, Firmenname, Adresse, E-Mail-Adresse und Telefonnummer.<\/p>\n<hr \/>\n<h3><strong>Wie wir Ihre Informationen verwenden<\/strong><\/h3>\n<p>Wir verwenden die von uns gesammelten Informationen unter anderem zu folgenden Zwecken:<\/p>\n<ul>\n<li>Bereitstellung, Betrieb und Wartung unserer Website<\/li>\n<li>Verbesserung, Personalisierung und Erweiterung unserer Website<\/li>\n<li>Analyse und Verst\u00e4ndnis der Nutzung unserer Website<\/li>\n<li>Entwicklung neuer Produkte, Dienstleistungen, Funktionen und Inhalte<\/li>\n<li>Kommunikation mit Ihnen, direkt oder \u00fcber unsere Partner, z. B. f\u00fcr Kundendienst, Updates, Marketing- und Werbezwecke<\/li>\n<li>Versand von E-Mails<\/li>\n<li>Erkennung und Verhinderung von Betrug<\/li>\n<\/ul>\n<hr \/>\n<h3><strong>Protokolldateien<\/strong><\/h3>\n<p>IPTV MAXY verwendet standardm\u00e4\u00dfig Protokolldateien. Diese Dateien erfassen Besucher beim Besuch von Websites. Alle Hosting-Anbieter tun dies im Rahmen ihrer Analyse-Services. Zu den durch Protokolldateien erfassten Informationen geh\u00f6ren IP-Adressen, Browsertyp, Internetdienstanbieter (ISP), Datum und Uhrzeit, verweisende\/ausgehende Seiten sowie m\u00f6glicherweise die Anzahl der Klicks. Diese Informationen sind nicht mit personenbezogenen Daten verkn\u00fcpft. Sie dienen der Analyse von Trends, der Verwaltung der Website, der Nachverfolgung von Benutzerbewegungen auf der Website und der Erfassung demografischer Informationen.<\/p>\n<hr \/>\n<h3><strong>Cookies und Web Beacons<\/strong><\/h3>\n<p>Wie jede andere Website verwendet auch IPTV MAXY sogenannte \u201eCookies\u201c. Diese Cookies speichern Informationen wie Besucherpr\u00e4ferenzen und die Seiten der Website, die der Besucher aufgerufen oder besucht hat. Diese Informationen dienen dazu, die Benutzererfahrung zu optimieren, indem Inhalte basierend auf dem Browsertyp oder anderen Informationen der Besucher angepasst werden.<\/p>\n<hr \/>\n<h3><strong>Google DoubleClick DART Cookie<\/strong><\/h3>\n<p>Google ist ein Drittanbieter auf unserer Website und verwendet ebenfalls Cookies, sogenannte DART-Cookies, um Besuchern auf Grundlage ihres Besuchs auf <a href=\"https:\/\/iptvmaxy.com\/en\/\">www.iptvmaxy.com<\/a> und anderen Websites im Internet Werbung anzuzeigen. Besucher k\u00f6nnen die Verwendung von DART-Cookies ablehnen, indem sie die Datenschutzerkl\u00e4rung des Google-Werbe- und Content-Netzwerks aufrufen.<\/p>\n<p>Google<\/p>\n<hr \/>\n<h3><strong>Unsere Werbepartner<\/strong><\/h3>\n<p>Einige Werbepartner auf unserer Website k\u00f6nnen Cookies und Web Beacons verwenden. Unsere Werbepartner sind unten aufgef\u00fchrt. Jeder unserer Werbepartner verf\u00fcgt \u00fcber eine eigene Datenschutzerkl\u00e4rung bez\u00fcglich der Verarbeitung von Nutzerdaten. Zur einfacheren Einsicht haben wir unten Links zu deren Datenschutzerkl\u00e4rungen bereitgestellt.<\/p>\n<ul>\n<li>Google<\/li>\n<\/ul>\n<hr \/>\n<h3><strong>Datenschutzerkl\u00e4rungen der Werbepartner<\/strong><\/h3>\n<p>Sie k\u00f6nnen diese Liste einsehen, um die jeweilige Datenschutzerkl\u00e4rung jedes Werbepartners von Your IPTV zu finden.<\/p>\n<p>Drittanbieter von Werbeservern oder Werbenetzwerken verwenden Technologien wie Cookies, JavaScript oder Web Beacons in ihren jeweiligen Anzeigen und Links, die auf Your IPTV erscheinen und direkt an den Browser des Nutzers gesendet werden. Dabei erhalten sie automatisch Ihre IP-Adresse. Diese Technologien werden verwendet, um die Effektivit\u00e4t ihrer Werbekampagnen zu messen und\/oder die angezeigten Werbeinhalte zu personalisieren.<\/p>\n<p>Your IPTV hat keinen Zugriff auf oder Kontrolle \u00fcber diese Cookies, die von Drittanbietern verwendet werden.<\/p>\n<hr \/>\n<h3><strong>Datenschutzerkl\u00e4rungen Dritter<\/strong><\/h3>\n<p>Die Datenschutzerkl\u00e4rung von Your IPTV gilt nicht f\u00fcr andere Werbetreibende oder Websites. Wir empfehlen Ihnen daher, die jeweiligen Datenschutzerkl\u00e4rungen dieser Drittanbieter zu konsultieren, um detailliertere Informationen zu erhalten. Diese k\u00f6nnen auch Anleitungen enthalten, wie Sie bestimmte Optionen deaktivieren k\u00f6nnen.<\/p>\n<p>Sie k\u00f6nnen Cookies \u00fcber die Einstellungen Ihres Browsers deaktivieren. Weitere Informationen zur Verwaltung von Cookies finden Sie auf den jeweiligen Websites der Browseranbieter.<\/p>\n<hr \/>\n<h3><strong>CCPA-Datenschutzrechte (Keine Weitergabe personenbezogener Daten)<\/strong><\/h3>\n<p>Gem\u00e4\u00df dem CCPA haben Verbraucher in Kalifornien unter anderem das Recht:<\/p>\n<ul>\n<li>Auskunft \u00fcber die Kategorien und konkreten personenbezogenen Daten zu verlangen, die gesammelt werden<\/li>\n<li>Die L\u00f6schung ihrer personenbezogenen Daten zu verlangen<\/li>\n<li>Der Weitergabe ihrer personenbezogenen Daten zu widersprechen<\/li>\n<\/ul>\n<p>Wenn Sie eine Anfrage stellen, haben wir einen Monat Zeit, um darauf zu reagieren. Wenn Sie eines dieser Rechte aus\u00fcben m\u00f6chten, kontaktieren Sie uns bitte.<\/p>\n<hr \/>\n<h3><strong>GDPR \/ DSGVO Datenschutzrechte<\/strong><\/h3>\n<p>Wir m\u00f6chten sicherstellen, dass Sie \u00fcber alle Ihre Datenschutzrechte vollst\u00e4ndig informiert sind. Jeder Nutzer hat das Recht auf:<\/p>\n<ul>\n<li><strong>Auskunft<\/strong> \u2013 Anforderung von Kopien Ihrer Daten (ggf. gegen eine geringe Geb\u00fchr)<\/li>\n<li><strong>Berichtigung<\/strong> \u2013 Korrektur unrichtiger oder unvollst\u00e4ndiger Daten<\/li>\n<li><strong>L\u00f6schung<\/strong> \u2013 L\u00f6schung personenbezogener Daten unter bestimmten Voraussetzungen<\/li>\n<li><strong>Einschr\u00e4nkung der Verarbeitung<\/strong> \u2013 Einschr\u00e4nkung der Verarbeitung unter bestimmten Voraussetzungen<\/li>\n<li><strong>Widerspruch<\/strong> \u2013 Widerspruch gegen die Verarbeitung Ihrer Daten unter bestimmten Voraussetzungen<\/li>\n<li><strong>Daten\u00fcbertragbarkeit<\/strong> \u2013 \u00dcbertragung Ihrer Daten an eine andere Organisation oder an Sie selbst<\/li>\n<\/ul>\n<hr \/>\n<h3><strong>Informationen zu Kindern<\/strong><\/h3>\n<p>Der Schutz von Kindern bei der Nutzung des Internets ist uns besonders wichtig. Wir ermutigen Eltern und Erziehungsberechtigte, die Online-Aktivit\u00e4ten ihrer Kinder zu beobachten, daran teilzunehmen und diese zu begleiten.<\/p>\n<p>Your IPTV erhebt wissentlich keine personenbezogenen Daten von Kindern unter 13 Jahren. Wenn Sie der Meinung sind, dass Ihr Kind solche Informationen auf unserer Website angegeben hat, kontaktieren Sie uns bitte umgehend, und wir werden unser Bestes tun, diese Informationen schnellstm\u00f6glich aus unseren Aufzeichnungen zu entfernen.<\/p>\n<hr \/>\n<h3><strong>\u00c4nderungen dieser Datenschutzerkl\u00e4rung<\/strong><\/h3>\n<p>Wir k\u00f6nnen diese Datenschutzerkl\u00e4rung von Zeit zu Zeit aktualisieren. Wir empfehlen Ihnen daher, diese Seite regelm\u00e4\u00dfig auf \u00c4nderungen zu \u00fcberpr\u00fcfen. \u00c4nderungen treten sofort nach ihrer Ver\u00f6ffentlichung auf dieser Seite in Kraft.<\/p>\n<hr \/>\n<h3><strong>Kontakt<\/strong><\/h3>\n<p>Wenn Sie Fragen oder Anmerkungen zu unserer Datenschutzerkl\u00e4rung haben, z\u00f6gern Sie bitte nicht, uns zu kontaktieren.<\/p>\n<hr \/>\n<p>&nbsp;<\/p>","protected":false},"excerpt":{"rendered":"<p>&nbsp; DATENSCHUTZERKL\u00c4RUNG Bei IPTV MAXY, erreichbar unter http:\/\/www.iptvmaxy.com\/, hat der Schutz der Privatsph\u00e4re unserer Besucher h\u00f6chste Priorit\u00e4t. Dieses Dokument zur Datenschutzerkl\u00e4rung enth\u00e4lt Informationen dar\u00fcber, welche Arten von Daten von Your IPTV erfasst und gespeichert werden und wie wir diese verwenden. Wenn Sie weitere Fragen haben oder zus\u00e4tzliche Informationen zu unserer Datenschutzerkl\u00e4rung ben\u00f6tigen, z\u00f6gern Sie bitte nicht, uns zu kontaktieren. Diese Datenschutzerkl\u00e4rung gilt ausschlie\u00dflich f\u00fcr unsere Online-Aktivit\u00e4ten und ist f\u00fcr Besucher unserer Website in Bezug auf die Informationen g\u00fcltig, die sie auf Your IPTV teilen und\/oder erfassen. Diese Richtlinie gilt nicht f\u00fcr Informationen, die offline oder \u00fcber andere Kan\u00e4le als diese Website gesammelt werden. Einwilligung Durch die Nutzung unserer Website erkl\u00e4ren Sie sich mit unserer Datenschutzerkl\u00e4rung einverstanden und stimmen deren Bedingungen zu. Welche Informationen wir erfassen Die personenbezogenen Daten, um die [&hellip;]<\/p>\n","protected":false},"author":1,"featured_media":0,"parent":0,"menu_order":0,"comment_status":"closed","ping_status":"closed","template":"","meta":{"footnotes":""},"class_list":["post-11801","page","type-page","status-publish","hentry"],"jetpack_sharing_enabled":true,"_links":{"self":[{"href":"https:\/\/iptvmaxy.com\/en\/wp-json\/wp\/v2\/pages\/11801","targetHints":{"allow":["GET"]}}],"collection":[{"href":"https:\/\/iptvmaxy.com\/en\/wp-json\/wp\/v2\/pages"}],"about":[{"href":"https:\/\/iptvmaxy.com\/en\/wp-json\/wp\/v2\/types\/page"}],"author":[{"embeddable":true,"href":"https:\/\/iptvmaxy.com\/en\/wp-json\/wp\/v2\/users\/1"}],"replies":[{"embeddable":true,"href":"https:\/\/iptvmaxy.com\/en\/wp-json\/wp\/v2\/comments?post=11801"}],"version-history":[{"count":2,"href":"https:\/\/iptvmaxy.com\/en\/wp-json\/wp\/v2\/pages\/11801\/revisions"}],"predecessor-version":[{"id":11852,"href":"https:\/\/iptvmaxy.com\/en\/wp-json\/wp\/v2\/pages\/11801\/revisions\/11852"}],"wp:attachment":[{"href":"https:\/\/iptvmaxy.com\/en\/wp-json\/wp\/v2\/media?parent=11801"}],"curies":[{"name":"wp","href":"https:\/\/api.w.org\/{rel}","templated":true}]}}