{"id":11798,"date":"2025-12-11T10:25:22","date_gmt":"2025-12-11T10:25:22","guid":{"rendered":"https:\/\/iptvmaxy.com\/?page_id=11798"},"modified":"2025-12-14T07:12:18","modified_gmt":"2025-12-14T07:12:18","slug":"terms-of-use","status":"publish","type":"page","link":"https:\/\/iptvmaxy.com\/en\/terms-of-use\/","title":{"rendered":"Terms of Use"},"content":{"rendered":"<p>&nbsp;<\/p>\n<hr \/>\n<h3>Einleitung<\/h3>\n<p>Diese allgemeinen Gesch\u00e4ftsbedingungen f\u00fcr Websites, die auf dieser Webseite verfasst sind, regeln Ihre Nutzung unserer Website. IPTV MAXY ist erreichbar unter <a href=\"https:\/\/iptvmaxy.com\/en\/\">http:\/\/www.iptvmaxy.com\/<\/a>.<\/p>\n<p>Diese Bedingungen gelten in vollem Umfang und betreffen Ihre Nutzung dieser Website. Durch die Nutzung dieser Website erkl\u00e4ren Sie sich mit allen hier aufgef\u00fchrten Bedingungen einverstanden. Sie d\u00fcrfen diese Website nicht nutzen, wenn Sie mit einer dieser allgemeinen Gesch\u00e4ftsbedingungen nicht einverstanden sind.<\/p>\n<p>Minderj\u00e4hrigen oder Personen unter 18 Jahren ist die Nutzung dieser Website nicht gestattet.<\/p>\n<h3>Rechte am geistigen Eigentum<\/h3>\n<p>Abgesehen von den Inhalten, die Ihnen geh\u00f6ren, besitzen gem\u00e4\u00df diesen Bedingungen IPTV MAXY und\/oder seine Lizenzgeber alle Rechte am geistigen Eigentum sowie alle Materialien, die auf dieser Website enthalten sind. Unsere Allgemeinen Gesch\u00e4ftsbedingungen wurden mit einem Generator f\u00fcr Allgemeine Gesch\u00e4ftsbedingungen erstellt.<\/p>\n<p>Ihnen wird lediglich eine eingeschr\u00e4nkte Lizenz zum Zweck der Ansicht der auf dieser Website enthaltenen Materialien gew\u00e4hrt.<\/p>\n<h3>Einschr\u00e4nkungen<\/h3>\n<p>Es ist Ihnen ausdr\u00fccklich untersagt, Folgendes zu tun:<\/p>\n<ul>\n<li>jegliches Material dieser Website in anderen Medien zu ver\u00f6ffentlichen;<\/li>\n<li>jegliches Material dieser Website zu verkaufen, unterzulizenzieren oder anderweitig kommerziell zu verwerten;<\/li>\n<li>jegliches Material dieser Website \u00f6ffentlich aufzuf\u00fchren und\/oder darzustellen;<\/li>\n<li>diese Website in einer Weise zu nutzen, die dieser Website schadet oder schaden k\u00f6nnte;<\/li>\n<li>diese Website in einer Weise zu nutzen, die den Zugang von Nutzern zu dieser Website beeintr\u00e4chtigt;<\/li>\n<li>diese Website entgegen geltenden Gesetzen und Vorschriften zu nutzen oder in einer Weise, die der Website oder einer Person oder einem Unternehmen Schaden zuf\u00fcgen k\u00f6nnte;<\/li>\n<li>Datenabbau, Datenerfassung, Datenextraktion oder \u00e4hnliche Aktivit\u00e4ten im Zusammenhang mit dieser Website durchzuf\u00fchren;<\/li>\n<li>diese Website f\u00fcr Werbe- oder Marketingzwecke zu nutzen.<\/li>\n<\/ul>\n<p>Der Zugang zu bestimmten Bereichen dieser Website ist f\u00fcr Sie eingeschr\u00e4nkt, und IPTV MAXY kann den Zugang zu bestimmten Bereichen dieser Website jederzeit nach eigenem Ermessen weiter einschr\u00e4nken. Alle Benutzer-IDs und Passw\u00f6rter, die Sie f\u00fcr diese Website haben, sind vertraulich zu behandeln, und Sie sind verpflichtet, diese Vertraulichkeit zu wahren.<\/p>\n<h3>Ihre Inhalte<\/h3>\n<p>In diesen Allgemeinen Gesch\u00e4ftsbedingungen bezeichnet \u201eIhre Inhalte\u201c s\u00e4mtliche Audio-, Video-, Text-, Bild- oder sonstigen Materialien, die Sie auf dieser Website anzeigen.<\/p>\n<p>Durch das Anzeigen Ihrer Inhalte gew\u00e4hren Sie IPTV MAXY eine nicht-exklusive, weltweite, unwiderrufliche und unterlizenzierbare Lizenz zur Nutzung, Vervielf\u00e4ltigung, Anpassung, Ver\u00f6ffentlichung, \u00dcbersetzung und Verbreitung dieser Inhalte in allen Medien.<\/p>\n<p>Ihre Inhalte m\u00fcssen Ihr Eigentum sein und d\u00fcrfen keine Rechte Dritter verletzen. IPTV MAXY beh\u00e4lt sich das Recht vor, Ihre Inhalte jederzeit und ohne Vorank\u00fcndigung von dieser Website zu entfernen.<\/p>\n<h3>Keine Gew\u00e4hrleistungen<\/h3>\n<p>Diese Website wird \u201ewie sie ist\u201c und mit allen M\u00e4ngeln bereitgestellt, und IPTV MAXY \u00fcbernimmt keinerlei ausdr\u00fcckliche oder stillschweigende Zusicherungen oder Gew\u00e4hrleistungen in Bezug auf diese Website oder die auf dieser Website enthaltenen Materialien. Ebenso ist nichts auf dieser Website als Beratung zu verstehen.<\/p>\n<h3>Haftungsbeschr\u00e4nkung<\/h3>\n<p>In keinem Fall haften IPTV MAXY oder dessen leitende Angestellte, Direktoren oder Mitarbeiter f\u00fcr Sch\u00e4den, die sich aus oder im Zusammenhang mit Ihrer Nutzung dieser Website ergeben, unabh\u00e4ngig davon, ob diese Haftung aus einem Vertrag resultiert. IPTV MAXY, einschlie\u00dflich seiner leitenden Angestellten, Direktoren und Mitarbeiter, haftet nicht f\u00fcr indirekte, Folge- oder besondere Sch\u00e4den, die sich aus oder im Zusammenhang mit Ihrer Nutzung dieser Website ergeben.<\/p>\n<h3>Freistellung<\/h3>\n<p>Sie stellen IPTV MAXY im gr\u00f6\u00dftm\u00f6glichen gesetzlich zul\u00e4ssigen Umfang von allen Verbindlichkeiten, Kosten, Forderungen, Klagegr\u00fcnden, Sch\u00e4den und Ausgaben frei, die in irgendeiner Weise aus Ihrem Versto\u00df gegen eine der Bestimmungen dieser Bedingungen entstehen.<\/p>\n<h3>Salvatorische Klausel<\/h3>\n<p>Sollte eine Bestimmung dieser Bedingungen nach geltendem Recht unwirksam sein, wird diese Bestimmung gel\u00f6scht, ohne dass die \u00fcbrigen Bestimmungen hiervon ber\u00fchrt werden.<\/p>\n<h3>\u00c4nderung der Bedingungen<\/h3>\n<p>IPTV MAXY ist berechtigt, diese Bedingungen jederzeit nach eigenem Ermessen zu \u00e4ndern. Durch die Nutzung dieser Website wird von Ihnen erwartet, dass Sie diese Bedingungen regelm\u00e4\u00dfig \u00fcberpr\u00fcfen.<\/p>\n<h3>Abtretung<\/h3>\n<p>IPTV MAXY ist berechtigt, seine Rechte und\/oder Pflichten aus diesen Bedingungen ohne Benachrichtigung abzutreten, zu \u00fcbertragen oder unterzuvergeben. Ihnen ist es jedoch nicht gestattet, Ihre Rechte und\/oder Pflichten aus diesen Bedingungen abzutreten, zu \u00fcbertragen oder unterzuvergeben.<\/p>\n<h3>Gesamte Vereinbarung<\/h3>\n<p>Diese Bedingungen stellen die vollst\u00e4ndige Vereinbarung zwischen IPTV MAXY und Ihnen in Bezug auf Ihre Nutzung dieser Website dar und ersetzen alle fr\u00fcheren Vereinbarungen und Absprachen.<\/p>\n<h3>Anwendbares Recht und Gerichtsstand<\/h3>\n<p>Diese Bedingungen unterliegen den Gesetzen des Staates GB und werden entsprechend ausgelegt. Sie erkl\u00e4ren sich mit der nicht ausschlie\u00dflichen Zust\u00e4ndigkeit der staatlichen und bundesstaatlichen Gerichte in GB zur Beilegung etwaiger Streitigkeiten einverstanden.<\/p>\n<hr \/>\n<p>&nbsp;<\/p>","protected":false},"excerpt":{"rendered":"<p>&nbsp; Einleitung Diese allgemeinen Gesch\u00e4ftsbedingungen f\u00fcr Websites, die auf dieser Webseite verfasst sind, regeln Ihre Nutzung unserer Website. IPTV MAXY ist erreichbar unter http:\/\/www.iptvmaxy.com\/. Diese Bedingungen gelten in vollem Umfang und betreffen Ihre Nutzung dieser Website. Durch die Nutzung dieser Website erkl\u00e4ren Sie sich mit allen hier aufgef\u00fchrten Bedingungen einverstanden. Sie d\u00fcrfen diese Website nicht nutzen, wenn Sie mit einer dieser allgemeinen Gesch\u00e4ftsbedingungen nicht einverstanden sind. Minderj\u00e4hrigen oder Personen unter 18 Jahren ist die Nutzung dieser Website nicht gestattet. Rechte am geistigen Eigentum Abgesehen von den Inhalten, die Ihnen geh\u00f6ren, besitzen gem\u00e4\u00df diesen Bedingungen IPTV MAXY und\/oder seine Lizenzgeber alle Rechte am geistigen Eigentum sowie alle Materialien, die auf dieser Website enthalten sind. Unsere Allgemeinen Gesch\u00e4ftsbedingungen wurden mit einem Generator f\u00fcr Allgemeine Gesch\u00e4ftsbedingungen erstellt. Ihnen wird lediglich eine eingeschr\u00e4nkte Lizenz [&hellip;]<\/p>\n","protected":false},"author":1,"featured_media":0,"parent":0,"menu_order":0,"comment_status":"closed","ping_status":"closed","template":"","meta":{"footnotes":""},"class_list":["post-11798","page","type-page","status-publish","hentry"],"jetpack_sharing_enabled":true,"_links":{"self":[{"href":"https:\/\/iptvmaxy.com\/en\/wp-json\/wp\/v2\/pages\/11798","targetHints":{"allow":["GET"]}}],"collection":[{"href":"https:\/\/iptvmaxy.com\/en\/wp-json\/wp\/v2\/pages"}],"about":[{"href":"https:\/\/iptvmaxy.com\/en\/wp-json\/wp\/v2\/types\/page"}],"author":[{"embeddable":true,"href":"https:\/\/iptvmaxy.com\/en\/wp-json\/wp\/v2\/users\/1"}],"replies":[{"embeddable":true,"href":"https:\/\/iptvmaxy.com\/en\/wp-json\/wp\/v2\/comments?post=11798"}],"version-history":[{"count":2,"href":"https:\/\/iptvmaxy.com\/en\/wp-json\/wp\/v2\/pages\/11798\/revisions"}],"predecessor-version":[{"id":11854,"href":"https:\/\/iptvmaxy.com\/en\/wp-json\/wp\/v2\/pages\/11798\/revisions\/11854"}],"wp:attachment":[{"href":"https:\/\/iptvmaxy.com\/en\/wp-json\/wp\/v2\/media?parent=11798"}],"curies":[{"name":"wp","href":"https:\/\/api.w.org\/{rel}","templated":true}]}}